{"id":20023,"date":"2021-07-29T19:11:48","date_gmt":"2021-07-29T17:11:48","guid":{"rendered":"https:\/\/mamzellepacotille.com\/mamzellehadmin\/?post_type=product&#038;p=20023"},"modified":"2022-01-02T21:59:58","modified_gmt":"2022-01-02T20:59:58","slug":"collection-surf-sur-la-vague-dhokusai-collier","status":"publish","type":"product","link":"https:\/\/mamzellepacotille.com\/mamzellehadmin\/index.php\/produit\/collection-surf-sur-la-vague-dhokusai-collier\/","title":{"rendered":"Collection &#8220;SURF SUR LA VAGUE D&#8217;HOKUSA\u00cf&#8221; &#8211; Collier &#8211;"},"content":{"rendered":"<h3><strong>Mat\u00e9riaux<\/strong> :<\/h3>\n<div>*Cabochon <strong>peint \u00e0 la main de l&#8217;artiste Olga DROZDOVA <span class=\"tojvnm2t a6sixzi8 abs2jz4q a8s20v7p t1p8iaqh k5wvi7nf q3lfd5jv pk4s997a bipmatt0 cebpdrjk qowsmv63 owwhemhu dp1hu0rb dhp61c6y iyyx5f41\">, clin d&#8217;oeil au peintre HOKUDA\u00cf <\/span><\/strong><span class=\"tojvnm2t a6sixzi8 abs2jz4q a8s20v7p t1p8iaqh k5wvi7nf q3lfd5jv pk4s997a bipmatt0 cebpdrjk qowsmv63 owwhemhu dp1hu0rb dhp61c6y iyyx5f41\">dans son tableau &#8220;La Grande Vague de Kanagawa&#8221;<\/span>, soie pliss\u00e9e shibori de C\u00e9line SOUCHU, cha\u00eene de strass, cristaux, verre<strong>,<\/strong> soutache .<\/div>\n<div>*Le bijou est doubl\u00e9 de cuir d&#8217;agneau.<\/div>\n<div>*Le tour de cou\/torque est en laiton galvanis\u00e9 argent\u00e9. Les \u00e9l\u00e9ments m\u00e9talliques sont sans nickel, sans cadmium et sans plomb..<\/div>\n<div>*Bijou livr\u00e9 en bo\u00eete cadeau.<\/div>\n<h3>Dimensions :<\/h3>\n<div>*Dimension du motif du pendentif :7.5cm x 11cm<\/div>\n<div>*Le tour de cou rigide( 3.5mm de largeur) a un diam\u00e8tre de 13cm(soit un tour de 41cm).<\/div>\n<h3><strong>Technique utilis\u00e9e<\/strong> :<\/h3>\n<div><strong>Montage \u00e0 la soutache &#8211; Bijou cousu main (technique Haute Couture)<\/strong><\/div>\n<div>*C&#8217;est un <strong>mode de sertissage<\/strong> des cabochons. Ils sont coll\u00e9s sur de l&#8217;intiss\u00e9 et les galons de soutache (\u00e9l\u00e9ments de passementerie) sont <strong>cousus \u00e0 la main<\/strong> tout autour.<\/div>\n<div>*Le design final est obtenu en assemblant les diff\u00e9rentes soutaches entre elles et en leur donnant les mouvements voulus.<\/div>\n<h3>La technique porte le nom de <strong>&#8220;BRODERIE A LA SOUTACHE&#8221;<\/strong>.<\/h3>\n<p><strong>Une question ?<\/strong> Utilisez le<strong> &#8220;CONTACTEZ-MOI&#8221;<\/strong> en Accueil de la boutique.<\/p>\n","protected":false},"excerpt":{"rendered":"<h4>(Frais de port en plus)<\/h4>\n<h2>\u00a0\u00a0\u00a0\u00a0\u00a0\u00a0\u00a0\u00a0\u00a0\u00a0\u00a0\u00a0\u00a0\u00a0\u00a0\u00a0\u00a0\u00a0\u00a0\u00a0\u00a0\u00a0\u00a0\u00a0\u00a0\u00a0\u00a0\u00a0\u00a0\u00a0 ******<\/h2>\n<h2><strong>COLLIER brod\u00e9 \u00e0 la soutache&#8230;<\/strong><\/h2>\n<p>&#8230;cr\u00e9\u00e9 \u00e0 partir d&#8217;un <strong>cabochon peint \u00e0 la main<\/strong>,<\/p>\n<p>&#8230;et agr\u00e9ment\u00e9 d&#8217;\u00e9l\u00e9ments pr\u00e9cieux ( <strong>cristal, soie pliss\u00e9e shibori, verre, cha\u00eene de strass <\/strong>)<\/p>\n<ul>\n<li><strong>Pi\u00e8ce unique<\/strong><\/li>\n<\/ul>\n","protected":false},"featured_media":20024,"comment_status":"closed","ping_status":"closed","template":"","meta":[],"product_cat":[17],"product_tag":[],"class_list":["post-20023","product","type-product","status-publish","has-post-thumbnail","hentry","product_cat-non-classe"],"_links":{"self":[{"href":"https:\/\/mamzellepacotille.com\/mamzellehadmin\/index.php\/wp-json\/wp\/v2\/product\/20023"}],"collection":[{"href":"https:\/\/mamzellepacotille.com\/mamzellehadmin\/index.php\/wp-json\/wp\/v2\/product"}],"about":[{"href":"https:\/\/mamzellepacotille.com\/mamzellehadmin\/index.php\/wp-json\/wp\/v2\/types\/product"}],"replies":[{"embeddable":true,"href":"https:\/\/mamzellepacotille.com\/mamzellehadmin\/index.php\/wp-json\/wp\/v2\/comments?post=20023"}],"wp:featuredmedia":[{"embeddable":true,"href":"https:\/\/mamzellepacotille.com\/mamzellehadmin\/index.php\/wp-json\/wp\/v2\/media\/20024"}],"wp:attachment":[{"href":"https:\/\/mamzellepacotille.com\/mamzellehadmin\/index.php\/wp-json\/wp\/v2\/media?parent=20023"}],"wp:term":[{"taxonomy":"product_cat","embeddable":true,"href":"https:\/\/mamzellepacotille.com\/mamzellehadmin\/index.php\/wp-json\/wp\/v2\/product_cat?post=20023"},{"taxonomy":"product_tag","embeddable":true,"href":"https:\/\/mamzellepacotille.com\/mamzellehadmin\/index.php\/wp-json\/wp\/v2\/product_tag?post=20023"}],"curies":[{"name":"wp","href":"https:\/\/api.w.org\/{rel}","templated":true}]}}