{"id":20649,"date":"2024-04-22T18:27:09","date_gmt":"2024-04-22T16:27:09","guid":{"rendered":"https:\/\/mamzellepacotille.com\/mamzellehadmin\/?post_type=product&#038;p=20649"},"modified":"2024-04-23T17:42:41","modified_gmt":"2024-04-23T15:42:41","slug":"collection-afrique-orange-le-collier","status":"publish","type":"product","link":"https:\/\/mamzellepacotille.com\/mamzellehadmin\/index.php\/produit\/collection-afrique-orange-le-collier\/","title":{"rendered":"Collection &#8220;AFRIQUE ORANGE&#8221; &#8211; Le collier &#8211;"},"content":{"rendered":"<h3>Mat\u00e9riaux :<\/h3>\n<ul>\n<li>\n<div>*Cabochon peint \u00e0 la main (miniature sur toile) \u2013 pi\u00e8ce unique \u2013 , cristaux, soie pliss\u00e9e shibori artisanale, fleur en porcelaine froide model\u00e9e \u00e0 la main, montage cousu main en technique \u201csoutache\u201d.<\/div>\n<\/li>\n<li>\n<div>*Le bijou est doubl\u00e9 de cuir d\u2019agneau.<\/div>\n<\/li>\n<li>\n<div>*Le tour de cou rigide est en laiton galvanis\u00e9 dor\u00e9. Les \u00e9l\u00e9ments m\u00e9talliques sont sans nickel, sans cadmium et sans plomb..<\/div>\n<\/li>\n<li>\n<div>*Bijou livr\u00e9 en bo\u00eete cadeau.<\/div>\n<\/li>\n<\/ul>\n<h3>Dimensions :<\/h3>\n<ul>\n<li>\n<div>*Dimension du motif\u00a0 :7cm x 11cm<\/div>\n<\/li>\n<li>\n<div>*Le tour de cou rigide (3.5mm de largeur) a un diam\u00e8tre de 13cm (soit un tour de cou de 41cm).<\/div>\n<\/li>\n<\/ul>\n<h3>Technique utilis\u00e9e :<\/h3>\n<ul>\n<li>\n<div>Montage \u00e0 la soutache \u2013 Bijou cousu main (technique Haute Couture)<\/div>\n<\/li>\n<li>\n<div>*C\u2019est un mode de sertissage des cabochons. Ils sont coll\u00e9s sur de l\u2019intiss\u00e9 et les bandes de soutache sont cousues \u00e0 la main tout autour.<\/div>\n<\/li>\n<li>\n<div>*Le design final est obtenu en assemblant les diff\u00e9rentes soutaches entre elles et en leur donnant les mouvements voulus.<\/div>\n<\/li>\n<\/ul>\n","protected":false},"excerpt":{"rendered":"<div class=\"woocommerce-product-details__short-description\">\n<h4>Frais de port en plus)<\/h4>\n<h2>\u00a0\u00a0\u00a0\u00a0\u00a0\u00a0\u00a0\u00a0\u00a0\u00a0\u00a0\u00a0\u00a0\u00a0\u00a0\u00a0\u00a0\u00a0\u00a0\u00a0\u00a0\u00a0\u00a0\u00a0\u00a0\u00a0\u00a0\u00a0\u00a0\u00a0 ******<\/h2>\n<h2>Collier \u00a0 (montage soutache) :<\/h2>\n<h3>\u2026cr\u00e9\u00e9 \u00e0 partir d\u2019un cabochon peint \u00e0 la main sur toile<\/h3>\n<div>\u2026et agr\u00e9ment\u00e9 d\u2019\u00e9l\u00e9ments pr\u00e9cieux ( cristaux, verre ,soe pliss\u00e9e shibori artsanale, fleur en porcelaine froide model\u00e9e main, )<\/div>\n<ul>\n<li>\n<div>Pi\u00e8ce unique<\/div>\n<\/li>\n<\/ul>\n<\/div>\n<form class=\"cart\" action=\"https:\/\/mamzellepacotille.com\/mamzellehadmin\/index.php\/produit\/collection-bigarreau-le-collier\/\" enctype=\"multipart\/form-data\" method=\"post\"><\/form>\n<div class=\"woocommerce-tabs wc-tabs-wrapper\">\n<ul class=\"tabs wc-tabs\" role=\"tablist\">\n<li id=\"tab-title-description\" class=\"description_tab active\" role=\"tab\" aria-controls=\"tab-description\"><\/li>\n<\/ul>\n<\/div>\n","protected":false},"featured_media":20650,"comment_status":"closed","ping_status":"closed","template":"","meta":[],"product_cat":[17],"product_tag":[],"class_list":["post-20649","product","type-product","status-publish","has-post-thumbnail","hentry","product_cat-non-classe"],"_links":{"self":[{"href":"https:\/\/mamzellepacotille.com\/mamzellehadmin\/index.php\/wp-json\/wp\/v2\/product\/20649"}],"collection":[{"href":"https:\/\/mamzellepacotille.com\/mamzellehadmin\/index.php\/wp-json\/wp\/v2\/product"}],"about":[{"href":"https:\/\/mamzellepacotille.com\/mamzellehadmin\/index.php\/wp-json\/wp\/v2\/types\/product"}],"replies":[{"embeddable":true,"href":"https:\/\/mamzellepacotille.com\/mamzellehadmin\/index.php\/wp-json\/wp\/v2\/comments?post=20649"}],"wp:featuredmedia":[{"embeddable":true,"href":"https:\/\/mamzellepacotille.com\/mamzellehadmin\/index.php\/wp-json\/wp\/v2\/media\/20650"}],"wp:attachment":[{"href":"https:\/\/mamzellepacotille.com\/mamzellehadmin\/index.php\/wp-json\/wp\/v2\/media?parent=20649"}],"wp:term":[{"taxonomy":"product_cat","embeddable":true,"href":"https:\/\/mamzellepacotille.com\/mamzellehadmin\/index.php\/wp-json\/wp\/v2\/product_cat?post=20649"},{"taxonomy":"product_tag","embeddable":true,"href":"https:\/\/mamzellepacotille.com\/mamzellehadmin\/index.php\/wp-json\/wp\/v2\/product_tag?post=20649"}],"curies":[{"name":"wp","href":"https:\/\/api.w.org\/{rel}","templated":true}]}}