{"id":20687,"date":"2024-04-22T23:15:44","date_gmt":"2024-04-22T21:15:44","guid":{"rendered":"https:\/\/mamzellepacotille.com\/mamzellehadmin\/?post_type=product&#038;p=20687"},"modified":"2024-04-23T17:22:02","modified_gmt":"2024-04-23T15:22:02","slug":"collection-doux-roux-de-lautomne-le-bracelet","status":"publish","type":"product","link":"https:\/\/mamzellepacotille.com\/mamzellehadmin\/index.php\/produit\/collection-doux-roux-de-lautomne-le-bracelet\/","title":{"rendered":"Collection &#8220;DOUX ROUX DE L&#8217;AUTOMNE&#8221; &#8211; Le Bracelet &#8211;"},"content":{"rendered":"<h3>Mat\u00e9riaux :<\/h3>\n<div>*Cabochon fait main, cristal, cha\u00eene de strass, verre de Boh\u00eame, soutache .<\/div>\n<div>*Le bijou est doubl\u00e9 de cuir d\u2019agneau.<\/div>\n<div>*Bracelet manchette ajour\u00e9 en laiton galvanis\u00e9 dor\u00e9.<\/div>\n<div>*Les \u00e9l\u00e9ments m\u00e9talliques sont sans nickel, sans cadmium et sans plomb.<\/div>\n<div>*Bijou livr\u00e9 en bo\u00eete cadeau.<\/div>\n<h3>Dimensions :<\/h3>\n<div>*Dimension du motif : 6.5cm x 5cm<\/div>\n<div>*Bracelet r\u00e9glable de 16cm \u2013 Largeur 1,6cm<\/div>\n<h3>Technique utilis\u00e9e :<\/h3>\n<div>Montage \u00e0 la soutache \u2013 Bijou cousu main (technique Haute Couture)<\/div>\n<div>*C\u2019est un mode de sertissage des cabochons. Ils sont coll\u00e9s sur de l\u2019intiss\u00e9 et les bandes de soutache sont cousues \u00e0 la main tout autour.<\/div>\n<div>*Le design final est obtenu en assemblant les diff\u00e9rentes soutaches entre elles et en leur donnant les mouvements voulus.<\/div>\n","protected":false},"excerpt":{"rendered":"<h4>Frais de port en plus)<\/h4>\n<h2>\u00a0\u00a0\u00a0\u00a0\u00a0\u00a0\u00a0\u00a0\u00a0\u00a0\u00a0\u00a0\u00a0\u00a0\u00a0\u00a0\u00a0\u00a0\u00a0\u00a0\u00a0\u00a0\u00a0\u00a0\u00a0\u00a0\u00a0\u00a0\u00a0\u00a0 ******<\/h2>\n<h2>BRACELET brod\u00e9 \u00e0 la soutache\u2026<\/h2>\n<div>\u2026cr\u00e9\u00e9 \u00e0 partir d\u2019un cabochon fait main,<\/div>\n<div>\u2026et agr\u00e9ment\u00e9 d\u2019\u00e9l\u00e9ments pr\u00e9cieux (cristaux, cha\u00eene de strass)<\/div>\n<ul>\n<li>\n<div>Pi\u00e8ce unique<\/div>\n<\/li>\n<\/ul>\n","protected":false},"featured_media":20688,"comment_status":"closed","ping_status":"closed","template":"","meta":[],"product_cat":[17],"product_tag":[],"class_list":["post-20687","product","type-product","status-publish","has-post-thumbnail","hentry","product_cat-non-classe"],"_links":{"self":[{"href":"https:\/\/mamzellepacotille.com\/mamzellehadmin\/index.php\/wp-json\/wp\/v2\/product\/20687"}],"collection":[{"href":"https:\/\/mamzellepacotille.com\/mamzellehadmin\/index.php\/wp-json\/wp\/v2\/product"}],"about":[{"href":"https:\/\/mamzellepacotille.com\/mamzellehadmin\/index.php\/wp-json\/wp\/v2\/types\/product"}],"replies":[{"embeddable":true,"href":"https:\/\/mamzellepacotille.com\/mamzellehadmin\/index.php\/wp-json\/wp\/v2\/comments?post=20687"}],"wp:featuredmedia":[{"embeddable":true,"href":"https:\/\/mamzellepacotille.com\/mamzellehadmin\/index.php\/wp-json\/wp\/v2\/media\/20688"}],"wp:attachment":[{"href":"https:\/\/mamzellepacotille.com\/mamzellehadmin\/index.php\/wp-json\/wp\/v2\/media?parent=20687"}],"wp:term":[{"taxonomy":"product_cat","embeddable":true,"href":"https:\/\/mamzellepacotille.com\/mamzellehadmin\/index.php\/wp-json\/wp\/v2\/product_cat?post=20687"},{"taxonomy":"product_tag","embeddable":true,"href":"https:\/\/mamzellepacotille.com\/mamzellehadmin\/index.php\/wp-json\/wp\/v2\/product_tag?post=20687"}],"curies":[{"name":"wp","href":"https:\/\/api.w.org\/{rel}","templated":true}]}}