{"id":20691,"date":"2024-04-22T23:39:59","date_gmt":"2024-04-22T21:39:59","guid":{"rendered":"https:\/\/mamzellepacotille.com\/mamzellehadmin\/?post_type=product&#038;p=20691"},"modified":"2024-04-23T23:37:19","modified_gmt":"2024-04-23T21:37:19","slug":"collection-doux-roux-de-lautomne-la-pochette-en-cuir","status":"publish","type":"product","link":"https:\/\/mamzellepacotille.com\/mamzellehadmin\/index.php\/produit\/collection-doux-roux-de-lautomne-la-pochette-en-cuir\/","title":{"rendered":"Collection &#8220;DOUX ROUX DE L&#8217;AUTOMNE&#8221; &#8211; La pochette en cuir &#8211;"},"content":{"rendered":"<p>Pochette en cuir v\u00e9ritable (artisanat italien &#8220;Vera pelle&#8221;) de couleur marron, avec un rabat au-dessus d&#8217;une poche principale ferm\u00e9e par fermeture \u00e9clair. Petit compartiment zipp\u00e9 \u00e0 l&#8217;int\u00e9rieur.<\/p>\n<p>Sangle ajustable<\/p>\n<p>Customisation avec un motif en soutache :<\/p>\n<h3>Mat\u00e9riaux :<\/h3>\n<ul>\n<li>\n<div>*Cabochon fait main\u00a0 \u2013 pi\u00e8ce unique \u2013 , cristaux, verre de Boh\u00eame, cha\u00eene de strass, soie pliss\u00e9e shibori artisanale, montage cousu main en technique \u201csoutache\u201d.<\/div>\n<\/li>\n<li>\n<div>*Le bijou est doubl\u00e9 de cuir d\u2019agneau.<\/div>\n<\/li>\n<\/ul>\n<h3>Dimensions :<\/h3>\n<ul>\n<li>\n<div>*Dimension du motif\u00a0 :11cm x 8cm<\/div>\n<\/li>\n<li>\n<div>*Dimensions de la pochette : 24cm x 15cm Sangle ajustable de 125cm.<\/div>\n<\/li>\n<\/ul>\n<h3>Technique utilis\u00e9e :<\/h3>\n<ul>\n<li>\n<div>Montage \u00e0 la soutache \u2013 Bijou cousu main (technique Haute Couture)<\/div>\n<\/li>\n<li>\n<div>*C\u2019est un mode de sertissage des cabochons. Ils sont coll\u00e9s sur de l\u2019intiss\u00e9 et les bandes de soutache sont cousues \u00e0 la main tout autour.<\/div>\n<\/li>\n<li>\n<div>*Le design final est obtenu en assemblant les diff\u00e9rentes soutaches entre elles et en leur donnant les mouvements voulus.<\/div>\n<\/li>\n<\/ul>\n","protected":false},"excerpt":{"rendered":"<div class=\"woocommerce-product-details__short-description\">\n<h4>(Frais de port en plus)<\/h4>\n<h2>\u00a0\u00a0\u00a0\u00a0\u00a0\u00a0\u00a0\u00a0\u00a0\u00a0\u00a0\u00a0\u00a0\u00a0\u00a0\u00a0\u00a0\u00a0\u00a0\u00a0\u00a0\u00a0\u00a0\u00a0\u00a0\u00a0\u00a0\u00a0\u00a0\u00a0 ******<\/h2>\n<h2>Pochette en cuir marron (artisanat italien authentique)<\/h2>\n<h2>customis\u00e9e avec un motif mont\u00e9 en technique soutache :<\/h2>\n<h3>Le motif est cr\u00e9\u00e9 \u00e0 partir d\u2019un cabochon fait main<\/h3>\n<div>\u2026et agr\u00e9ment\u00e9 d\u2019\u00e9l\u00e9ments pr\u00e9cieux ( cristaux, verre de Boh\u00eame, soie pliss\u00e9 shibori artisanale)<\/div>\n<ul>\n<li>\n<div>Pi\u00e8ce unique<\/div>\n<\/li>\n<\/ul>\n<\/div>\n","protected":false},"featured_media":20693,"comment_status":"closed","ping_status":"closed","template":"","meta":[],"product_cat":[17],"product_tag":[],"class_list":["post-20691","product","type-product","status-publish","has-post-thumbnail","hentry","product_cat-non-classe"],"_links":{"self":[{"href":"https:\/\/mamzellepacotille.com\/mamzellehadmin\/index.php\/wp-json\/wp\/v2\/product\/20691"}],"collection":[{"href":"https:\/\/mamzellepacotille.com\/mamzellehadmin\/index.php\/wp-json\/wp\/v2\/product"}],"about":[{"href":"https:\/\/mamzellepacotille.com\/mamzellehadmin\/index.php\/wp-json\/wp\/v2\/types\/product"}],"replies":[{"embeddable":true,"href":"https:\/\/mamzellepacotille.com\/mamzellehadmin\/index.php\/wp-json\/wp\/v2\/comments?post=20691"}],"wp:featuredmedia":[{"embeddable":true,"href":"https:\/\/mamzellepacotille.com\/mamzellehadmin\/index.php\/wp-json\/wp\/v2\/media\/20693"}],"wp:attachment":[{"href":"https:\/\/mamzellepacotille.com\/mamzellehadmin\/index.php\/wp-json\/wp\/v2\/media?parent=20691"}],"wp:term":[{"taxonomy":"product_cat","embeddable":true,"href":"https:\/\/mamzellepacotille.com\/mamzellehadmin\/index.php\/wp-json\/wp\/v2\/product_cat?post=20691"},{"taxonomy":"product_tag","embeddable":true,"href":"https:\/\/mamzellepacotille.com\/mamzellehadmin\/index.php\/wp-json\/wp\/v2\/product_tag?post=20691"}],"curies":[{"name":"wp","href":"https:\/\/api.w.org\/{rel}","templated":true}]}}