{"id":20852,"date":"2024-04-30T22:18:54","date_gmt":"2024-04-30T20:18:54","guid":{"rendered":"https:\/\/mamzellepacotille.com\/mamzellehadmin\/?post_type=product&#038;p=20852"},"modified":"2024-04-30T22:18:54","modified_gmt":"2024-04-30T20:18:54","slug":"collection-jonquilles-narcisses-boucles-doreilles-narcisses","status":"publish","type":"product","link":"https:\/\/mamzellepacotille.com\/mamzellehadmin\/index.php\/produit\/collection-jonquilles-narcisses-boucles-doreilles-narcisses\/","title":{"rendered":"Collection \u201cJONQUILLES &#038; NARCISSES\u201d \u2013 Boucles d\u2019oreilles &#8220;Narcisses&#8221; &#8211;"},"content":{"rendered":"<h3><strong>Mat\u00e9riaux<\/strong> :<\/h3>\n<div>*Cabochons <strong>en cristal<\/strong>, dagues en verre de Boh\u00eame, gouttes en porcelaine iris\u00e9e, soutache.<\/div>\n<div>*Le bijou est doubl\u00e9 de cuir d\u2019agneau.<\/div>\n<div>*Les clous d\u2019oreilles sont dor\u00e9s \u00e0 l\u2019or fin.<\/div>\n<div>*Bijou livr\u00e9 en bo\u00eete cadeau.<\/div>\n<h3>Dimensions :<\/h3>\n<div>*6cm x 2.5cm<\/div>\n<div>\n<h3><strong>Technique utilis\u00e9e<\/strong> :<\/h3>\n<div><strong>Montage \u00e0 la soutache \u2013 Bijou cousu main (technique Haute Couture)<\/strong><\/div>\n<div>*C\u2019est un <strong>mode de sertissage<\/strong> des cabochons. Ils sont coll\u00e9s sur de l\u2019intiss\u00e9 et les bandes de soutache sont <strong>cousues \u00e0 la main<\/strong> tout autour.<\/div>\n<div>*Le design final est obtenu en assemblant les diff\u00e9rentes soutaches entre elles et en leur donnant les mouvements voulus.<\/div>\n<h3>La technique porte le nom de <strong>\u201cBRODERIE A LA SOUTACHE\u201d<\/strong>.<\/h3>\n<\/div>\n","protected":false},"excerpt":{"rendered":"<div class=\"woocommerce-product-details__short-description\">\n<div class=\"woocommerce-product-details__short-description\">\n<div class=\"woocommerce-product-details__short-description\">\n<h4>(Frais de port en plus)<\/h4>\n<h2>\u00a0\u00a0\u00a0\u00a0\u00a0\u00a0\u00a0\u00a0\u00a0\u00a0\u00a0\u00a0\u00a0\u00a0\u00a0\u00a0\u00a0\u00a0\u00a0\u00a0\u00a0\u00a0\u00a0\u00a0\u00a0\u00a0\u00a0\u00a0\u00a0 ******<\/h2>\n<h2><strong>BOUCLES D\u2019OREILLES brod\u00e9es \u00e0 la soutache\u2026<\/strong><\/h2>\n<p>\u2026cr\u00e9\u00e9es \u00e0 partir de<strong> cabochons en cristal<br \/>\n<\/strong><\/p>\n<p>\u2026et agr\u00e9ment\u00e9es d\u2019\u00e9l\u00e9ments pr\u00e9cieux (dagues en verre de Boh\u00eame, gouttes en porcelaine iris\u00e9e)<\/p>\n<ul>\n<li><strong>Pi\u00e8ce unique<\/strong><\/li>\n<\/ul>\n<\/div>\n<\/div>\n<\/div>\n","protected":false},"featured_media":20855,"comment_status":"closed","ping_status":"closed","template":"","meta":[],"product_cat":[17],"product_tag":[],"class_list":["post-20852","product","type-product","status-publish","has-post-thumbnail","hentry","product_cat-non-classe"],"_links":{"self":[{"href":"https:\/\/mamzellepacotille.com\/mamzellehadmin\/index.php\/wp-json\/wp\/v2\/product\/20852"}],"collection":[{"href":"https:\/\/mamzellepacotille.com\/mamzellehadmin\/index.php\/wp-json\/wp\/v2\/product"}],"about":[{"href":"https:\/\/mamzellepacotille.com\/mamzellehadmin\/index.php\/wp-json\/wp\/v2\/types\/product"}],"replies":[{"embeddable":true,"href":"https:\/\/mamzellepacotille.com\/mamzellehadmin\/index.php\/wp-json\/wp\/v2\/comments?post=20852"}],"wp:featuredmedia":[{"embeddable":true,"href":"https:\/\/mamzellepacotille.com\/mamzellehadmin\/index.php\/wp-json\/wp\/v2\/media\/20855"}],"wp:attachment":[{"href":"https:\/\/mamzellepacotille.com\/mamzellehadmin\/index.php\/wp-json\/wp\/v2\/media?parent=20852"}],"wp:term":[{"taxonomy":"product_cat","embeddable":true,"href":"https:\/\/mamzellepacotille.com\/mamzellehadmin\/index.php\/wp-json\/wp\/v2\/product_cat?post=20852"},{"taxonomy":"product_tag","embeddable":true,"href":"https:\/\/mamzellepacotille.com\/mamzellehadmin\/index.php\/wp-json\/wp\/v2\/product_tag?post=20852"}],"curies":[{"name":"wp","href":"https:\/\/api.w.org\/{rel}","templated":true}]}}