{"id":21019,"date":"2024-07-17T17:21:57","date_gmt":"2024-07-17T15:21:57","guid":{"rendered":"https:\/\/mamzellepacotille.com\/mamzellehadmin\/?post_type=product&#038;p=21019"},"modified":"2024-07-17T17:30:19","modified_gmt":"2024-07-17T15:30:19","slug":"collection-bumble-bee-les-boucles-doreilles","status":"publish","type":"product","link":"https:\/\/mamzellepacotille.com\/mamzellehadmin\/index.php\/produit\/collection-bumble-bee-les-boucles-doreilles\/","title":{"rendered":"Collection &#8220;BUMBLE BEE&#8221; &#8211; Les boucles d&#8217;oreilles &#8211;"},"content":{"rendered":"<div>\n<h3><strong>Mat\u00e9riaux<\/strong> :<\/h3>\n<\/div>\n<div>*Cabochon et perles en <strong>Jaspe &#8220;BUMBLE BEE&#8221;<\/strong>, en <em>collaboration avec un artisan tailleur de pierres indien<\/em>, perles miyuki, soutache.<\/div>\n<div>*Le bijou est doubl\u00e9 de cuir d\u2019agneau.<\/div>\n<div>*Clous d\u2019oreilles sans nickel, sans cadmium, sans plomb<\/div>\n<div>*Bijou livr\u00e9 en bo\u00eete cadeau.<\/div>\n<h3>Dimensions :<\/h3>\n<div>*5.5cm x 3cm<\/div>\n<div>\n<h3><strong>Technique utilis\u00e9e<\/strong> :<\/h3>\n<div><strong>Montage \u00e0 la soutache \u2013 Bijou cousu main (technique Haute Couture)<\/strong><\/div>\n<div>*C\u2019est un <strong>mode de sertissage<\/strong> des cabochons. Ils sont coll\u00e9s sur de l\u2019intiss\u00e9 et les bandes de soutache sont <strong>cousues \u00e0 la main<\/strong> tout autour.<\/div>\n<div>*Le design final est obtenu en assemblant les diff\u00e9rentes soutaches entre elles et en leur donnant les mouvements voulus.<\/div>\n<h3>La technique porte le nom de <strong>\u201cBRODERIE A LA SOUTACHE\u201d<\/strong>.<\/h3>\n<\/div>\n","protected":false},"excerpt":{"rendered":"<div class=\"woocommerce-product-details__short-description\">\n<div class=\"woocommerce-product-details__short-description\">\n<div class=\"woocommerce-product-details__short-description\">\n<div class=\"woocommerce-product-details__short-description\">\n<div class=\"woocommerce-product-details__short-description\">\n<div class=\"woocommerce-product-details__short-description\">\n<h4>(Frais de port en plus)<\/h4>\n<h2>\u00a0\u00a0\u00a0\u00a0\u00a0\u00a0\u00a0\u00a0\u00a0\u00a0\u00a0\u00a0\u00a0\u00a0\u00a0\u00a0\u00a0\u00a0\u00a0\u00a0\u00a0\u00a0\u00a0\u00a0\u00a0\u00a0\u00a0\u00a0\u00a0 ******<\/h2>\n<h2><strong>Boucles d\u2019oreilles\u00a0 brod\u00e9es \u00e0 la soutache\u2026<\/strong><\/h2>\n<p>\u2026cr\u00e9\u00e9es \u00e0 partir de<strong> cabochons en Jaspe &#8220;BUMBLE BEE&#8221; (collaboration avec un artisan indien tailleur de pierres)<br \/>\n<\/strong><\/p>\n<p>\u2026et agr\u00e9ment\u00e9es d\u2019\u00e9l\u00e9ments pr\u00e9cieux (perles rondes en jaspe)<\/p>\n<ul>\n<li><strong>Pi\u00e8ce unique<\/strong><\/li>\n<\/ul>\n<\/div>\n<\/div>\n<\/div>\n<\/div>\n<\/div>\n<\/div>\n","protected":false},"featured_media":21020,"comment_status":"closed","ping_status":"closed","template":"","meta":[],"product_cat":[17],"product_tag":[],"class_list":["post-21019","product","type-product","status-publish","has-post-thumbnail","hentry","product_cat-non-classe"],"_links":{"self":[{"href":"https:\/\/mamzellepacotille.com\/mamzellehadmin\/index.php\/wp-json\/wp\/v2\/product\/21019"}],"collection":[{"href":"https:\/\/mamzellepacotille.com\/mamzellehadmin\/index.php\/wp-json\/wp\/v2\/product"}],"about":[{"href":"https:\/\/mamzellepacotille.com\/mamzellehadmin\/index.php\/wp-json\/wp\/v2\/types\/product"}],"replies":[{"embeddable":true,"href":"https:\/\/mamzellepacotille.com\/mamzellehadmin\/index.php\/wp-json\/wp\/v2\/comments?post=21019"}],"wp:featuredmedia":[{"embeddable":true,"href":"https:\/\/mamzellepacotille.com\/mamzellehadmin\/index.php\/wp-json\/wp\/v2\/media\/21020"}],"wp:attachment":[{"href":"https:\/\/mamzellepacotille.com\/mamzellehadmin\/index.php\/wp-json\/wp\/v2\/media?parent=21019"}],"wp:term":[{"taxonomy":"product_cat","embeddable":true,"href":"https:\/\/mamzellepacotille.com\/mamzellehadmin\/index.php\/wp-json\/wp\/v2\/product_cat?post=21019"},{"taxonomy":"product_tag","embeddable":true,"href":"https:\/\/mamzellepacotille.com\/mamzellehadmin\/index.php\/wp-json\/wp\/v2\/product_tag?post=21019"}],"curies":[{"name":"wp","href":"https:\/\/api.w.org\/{rel}","templated":true}]}}