{"id":21060,"date":"2024-09-08T15:33:43","date_gmt":"2024-09-08T13:33:43","guid":{"rendered":"https:\/\/mamzellepacotille.com\/mamzellehadmin\/?post_type=product&#038;p=21060"},"modified":"2024-09-08T15:33:44","modified_gmt":"2024-09-08T13:33:44","slug":"collection-souvenir-de-vacances-le-collier","status":"publish","type":"product","link":"https:\/\/mamzellepacotille.com\/mamzellehadmin\/index.php\/produit\/collection-souvenir-de-vacances-le-collier\/","title":{"rendered":"Collection &#8220;SOUVENIR DE VACANCES&#8221; &#8211; Le Collier &#8211;"},"content":{"rendered":"<h3>Mat\u00e9riaux :<\/h3>\n<div>*Cabochon textile fait main , cristal, cha\u00eene de strass, montage cousu main en technique \u201csoutache\u201d.<\/div>\n<div>*Le bijou est doubl\u00e9 de cuir d\u2019agneau.<\/div>\n<div>*Le tour de cou rigide est en laiton galvanis\u00e9 argent. Les autres \u00e9l\u00e9ments m\u00e9talliques (\u00e9pingle de broche) sont sans nickel, sans cadmium et sans plomb..<\/div>\n<div>*Bijou livr\u00e9 en bo\u00eete cadeau.<\/div>\n<h3>Dimensions :<\/h3>\n<div>*Dimension du motif\u00a0 :8cm x 8cm<\/div>\n<div>*Le tour de cou rigide (3.5mm de largeur) a un diam\u00e8tre de 14cm (soit un tour de cou de 43cm).<\/div>\n<h3>Technique utilis\u00e9e :<\/h3>\n<div>Montage \u00e0 la soutache \u2013 Bijou cousu main (technique Haute Couture)<\/div>\n<div>*C\u2019est un mode de sertissage des cabochons. Ils sont coll\u00e9s sur de l\u2019intiss\u00e9 et les bandes de soutache sont cousues \u00e0 la main tout autour.<\/div>\n<div>*Le design final est obtenu en assemblant les diff\u00e9rentes soutaches entre elles et en leur donnant les mouvements voulus.<\/div>\n<h3>La technique porte le nom de \u201cBRODERIE A LA SOUTACHE\u201d.<\/h3>\n","protected":false},"excerpt":{"rendered":"<h4>Frais de port en plus)<\/h4>\n<h2>\u00a0\u00a0\u00a0\u00a0\u00a0\u00a0\u00a0\u00a0\u00a0\u00a0\u00a0\u00a0\u00a0\u00a0\u00a0\u00a0\u00a0\u00a0\u00a0\u00a0\u00a0\u00a0\u00a0\u00a0\u00a0\u00a0\u00a0\u00a0\u00a0\u00a0 ******<\/h2>\n<h2>Pendentif\u00a0\u00a0\u00a0 (montage soutache) :<\/h2>\n<h3>\u2026cr\u00e9\u00e9 \u00e0 partir d\u2019un cabochon textile fait main<\/h3>\n<div>\u2026et agr\u00e9ment\u00e9 d\u2019\u00e9l\u00e9ments pr\u00e9cieux (cristal, cha\u00eene de strass)<\/div>\n<ul>\n<li>\n<div>Pi\u00e8ce unique<\/div>\n<\/li>\n<\/ul>\n","protected":false},"featured_media":21061,"comment_status":"closed","ping_status":"closed","template":"","meta":[],"product_cat":[17],"product_tag":[],"class_list":["post-21060","product","type-product","status-publish","has-post-thumbnail","hentry","product_cat-non-classe"],"_links":{"self":[{"href":"https:\/\/mamzellepacotille.com\/mamzellehadmin\/index.php\/wp-json\/wp\/v2\/product\/21060"}],"collection":[{"href":"https:\/\/mamzellepacotille.com\/mamzellehadmin\/index.php\/wp-json\/wp\/v2\/product"}],"about":[{"href":"https:\/\/mamzellepacotille.com\/mamzellehadmin\/index.php\/wp-json\/wp\/v2\/types\/product"}],"replies":[{"embeddable":true,"href":"https:\/\/mamzellepacotille.com\/mamzellehadmin\/index.php\/wp-json\/wp\/v2\/comments?post=21060"}],"wp:featuredmedia":[{"embeddable":true,"href":"https:\/\/mamzellepacotille.com\/mamzellehadmin\/index.php\/wp-json\/wp\/v2\/media\/21061"}],"wp:attachment":[{"href":"https:\/\/mamzellepacotille.com\/mamzellehadmin\/index.php\/wp-json\/wp\/v2\/media?parent=21060"}],"wp:term":[{"taxonomy":"product_cat","embeddable":true,"href":"https:\/\/mamzellepacotille.com\/mamzellehadmin\/index.php\/wp-json\/wp\/v2\/product_cat?post=21060"},{"taxonomy":"product_tag","embeddable":true,"href":"https:\/\/mamzellepacotille.com\/mamzellehadmin\/index.php\/wp-json\/wp\/v2\/product_tag?post=21060"}],"curies":[{"name":"wp","href":"https:\/\/api.w.org\/{rel}","templated":true}]}}