{"id":21126,"date":"2024-11-16T11:35:52","date_gmt":"2024-11-16T10:35:52","guid":{"rendered":"https:\/\/mamzellepacotille.com\/mamzellehadmin\/?post_type=product&#038;p=21126"},"modified":"2024-11-16T11:46:23","modified_gmt":"2024-11-16T10:46:23","slug":"collection-ptites-fleurs-dautomne-le-collier-2","status":"publish","type":"product","link":"https:\/\/mamzellepacotille.com\/mamzellehadmin\/index.php\/produit\/collection-ptites-fleurs-dautomne-le-collier-2\/","title":{"rendered":"Collection &#8220;PTITES FLEURS D&#8217;AUTOMNE&#8221; &#8211; Le collier &#8211; (2)"},"content":{"rendered":"<h3>Mat\u00e9riaux :<\/h3>\n<ul>\n<li>\n<div>*Cabochon fait main, cristaux, verre, montage cousu main en technique \u201csoutache\u201d.<\/div>\n<\/li>\n<li>\n<div>*Le bijou est doubl\u00e9 de cuir d\u2019agneau.<\/div>\n<\/li>\n<li>\n<div>*Le tour de cou rigide est en laiton galvanis\u00e9 dor\u00e9. Les \u00e9l\u00e9ments m\u00e9talliques sont sans nickel, sans cadmium et sans plomb..<\/div>\n<\/li>\n<li>\n<div>*Bijou livr\u00e9 en bo\u00eete cadeau.<\/div>\n<\/li>\n<\/ul>\n<h3>Dimensions :<\/h3>\n<ul>\n<li>\n<div>*Dimension du motif\u00a0 :7.5cm x 4.5cm<\/div>\n<\/li>\n<li>\n<div>*Le tour de cou rigide (4mm de largeur) a un diam\u00e8tre de 13.5cm (soit un tour de cou de 41cm).<\/div>\n<\/li>\n<\/ul>\n<h3>Technique utilis\u00e9e :<\/h3>\n<ul>\n<li>\n<div>Montage \u00e0 la soutache \u2013 Bijou cousu main (technique Haute Couture)<\/div>\n<\/li>\n<li>\n<div>*C\u2019est un mode de sertissage des cabochons. Ils sont coll\u00e9s sur de l\u2019intiss\u00e9 et les bandes de soutache sont cousues \u00e0 la main tout autour.<\/div>\n<\/li>\n<li>\n<div>*Le design final est obtenu en assemblant les diff\u00e9rentes soutaches entre elles et en leur donnant les mouvements voulus.<\/div>\n<\/li>\n<li><strong>Cette technique porte le nom de \u201cBRODERIE A LA SOUTACHE\u201d<\/strong><\/li>\n<\/ul>\n","protected":false},"excerpt":{"rendered":"<div class=\"woocommerce-product-details__short-description\">\n<div class=\"woocommerce-product-details__short-description\">\n<div class=\"woocommerce-product-details__short-description\">\n<div class=\"woocommerce-product-details__short-description\">\n<div class=\"woocommerce-product-details__short-description\">\n<h4>(Frais de port en plus)<\/h4>\n<h2>\u00a0\u00a0\u00a0\u00a0\u00a0\u00a0\u00a0\u00a0\u00a0\u00a0\u00a0\u00a0\u00a0\u00a0\u00a0\u00a0\u00a0\u00a0\u00a0\u00a0\u00a0\u00a0\u00a0\u00a0\u00a0\u00a0\u00a0\u00a0\u00a0\u00a0 ******<\/h2>\n<h2>Collier \u00a0 (montage soutache) :<\/h2>\n<h3>\u2026cr\u00e9\u00e9 \u00e0 partir d\u2019un cabochon fait main<\/h3>\n<div>\u2026et agr\u00e9ment\u00e9 d\u2019\u00e9l\u00e9ments pr\u00e9cieux ( cristaux, verre, fleurs artisanales en polym\u00e8re)<\/div>\n<ul>\n<li>\n<div>Pi\u00e8ce unique<\/div>\n<\/li>\n<\/ul>\n<\/div>\n<\/div>\n<\/div>\n<\/div>\n<\/div>\n<form class=\"cart\" action=\"https:\/\/mamzellepacotille.com\/mamzellehadmin\/index.php\/produit\/collection-fleur-bleue-le-collier\/\" enctype=\"multipart\/form-data\" method=\"post\"><\/form>\n<div class=\"woocommerce-tabs wc-tabs-wrapper\">\n<ul class=\"tabs wc-tabs\" role=\"tablist\">\n<li id=\"tab-title-description\" class=\"description_tab active\" role=\"tab\" aria-controls=\"tab-description\"><\/li>\n<\/ul>\n<\/div>\n","protected":false},"featured_media":21127,"comment_status":"closed","ping_status":"closed","template":"","meta":[],"product_cat":[17],"product_tag":[],"class_list":["post-21126","product","type-product","status-publish","has-post-thumbnail","hentry","product_cat-non-classe"],"_links":{"self":[{"href":"https:\/\/mamzellepacotille.com\/mamzellehadmin\/index.php\/wp-json\/wp\/v2\/product\/21126"}],"collection":[{"href":"https:\/\/mamzellepacotille.com\/mamzellehadmin\/index.php\/wp-json\/wp\/v2\/product"}],"about":[{"href":"https:\/\/mamzellepacotille.com\/mamzellehadmin\/index.php\/wp-json\/wp\/v2\/types\/product"}],"replies":[{"embeddable":true,"href":"https:\/\/mamzellepacotille.com\/mamzellehadmin\/index.php\/wp-json\/wp\/v2\/comments?post=21126"}],"wp:featuredmedia":[{"embeddable":true,"href":"https:\/\/mamzellepacotille.com\/mamzellehadmin\/index.php\/wp-json\/wp\/v2\/media\/21127"}],"wp:attachment":[{"href":"https:\/\/mamzellepacotille.com\/mamzellehadmin\/index.php\/wp-json\/wp\/v2\/media?parent=21126"}],"wp:term":[{"taxonomy":"product_cat","embeddable":true,"href":"https:\/\/mamzellepacotille.com\/mamzellehadmin\/index.php\/wp-json\/wp\/v2\/product_cat?post=21126"},{"taxonomy":"product_tag","embeddable":true,"href":"https:\/\/mamzellepacotille.com\/mamzellehadmin\/index.php\/wp-json\/wp\/v2\/product_tag?post=21126"}],"curies":[{"name":"wp","href":"https:\/\/api.w.org\/{rel}","templated":true}]}}