{"id":21268,"date":"2025-02-22T12:26:41","date_gmt":"2025-02-22T11:26:41","guid":{"rendered":"https:\/\/mamzellepacotille.com\/mamzellehadmin\/?post_type=product&#038;p=21268"},"modified":"2025-02-22T12:27:00","modified_gmt":"2025-02-22T11:27:00","slug":"collection-somptueuse-malachite-le-pendentif-copie","status":"publish","type":"product","link":"https:\/\/mamzellepacotille.com\/mamzellehadmin\/index.php\/produit\/collection-somptueuse-malachite-le-pendentif-copie\/","title":{"rendered":"Collection &#8220;SOMPTUEUSE MALACHITE&#8221; &#8211; Le Pendentif &#8211; (Copie)"},"content":{"rendered":"<h3><strong>Mat\u00e9riaux<\/strong> :<\/h3>\n<div>*Cabochon et perles en <strong>Malachite<\/strong>, en <em>collaboration avec un artisan tailleur de pierres indien<\/em>, feuille et fleur en cuir travaill\u00e9 main, soutache.<\/div>\n<div>*Le bijou est doubl\u00e9 de cuir d\u2019agneau.<\/div>\n<div>*Le tour de cou rigide est en laiton galvanis\u00e9 dor\u00e9. Les \u00e9l\u00e9ments m\u00e9talliques sont sans nickel, sans cadmium et sans plomb..sans nickel, sans cadmium, sans plomb.<\/div>\n<div>*Bijou livr\u00e9 en bo\u00eete cadeau.<\/div>\n<h3>Dimensions :<\/h3>\n<div>*Dimensions du motif : 7,5cm x 5cm<\/div>\n<div>*Le tour de cou rigide (3.5mm de largeur) a un diam\u00e8tre de 14cm .<\/div>\n<div>\n<h3><strong>Technique utilis\u00e9e<\/strong> :<\/h3>\n<div><strong>Montage \u00e0 la soutache \u2013 Bijou cousu main (technique Haute Couture)<\/strong><\/div>\n<div>*C\u2019est un <strong>mode de sertissage<\/strong> des cabochons. Ils sont coll\u00e9s sur de l\u2019intiss\u00e9 et les bandes de soutache sont <strong>cousues \u00e0 la main<\/strong> tout autour.<\/div>\n<div>*Le design final est obtenu en assemblant les diff\u00e9rentes soutaches entre elles et en leur donnant les mouvements voulus.<\/div>\n<h3>La technique porte le nom de <strong>\u201cBRODERIE A LA SOUTACHE\u201d<\/strong>.<\/h3>\n<\/div>\n","protected":false},"excerpt":{"rendered":"<div class=\"woocommerce-product-details__short-description\">\n<div class=\"woocommerce-product-details__short-description\">\n<div class=\"woocommerce-product-details__short-description\">\n<div class=\"woocommerce-product-details__short-description\">\n<div class=\"woocommerce-product-details__short-description\">\n<div class=\"woocommerce-product-details__short-description\">\n<h4>(Frais de port en plus)<\/h4>\n<h2>\u00a0\u00a0\u00a0\u00a0\u00a0\u00a0\u00a0\u00a0\u00a0\u00a0\u00a0\u00a0\u00a0\u00a0\u00a0\u00a0\u00a0\u00a0\u00a0\u00a0\u00a0\u00a0\u00a0\u00a0\u00a0\u00a0\u00a0\u00a0\u00a0 ******<\/h2>\n<h2><strong>PENDENTIF brod\u00e9 \u00e0 la soutache\u2026<\/strong><\/h2>\n<p>\u2026cr\u00e9\u00e9 \u00e0 partir d\u2019un<strong> cabochon et de perles en MALACHITE <\/strong>(Artisanat de Ja\u00efpur)<strong><br \/>\n<\/strong><\/p>\n<p>\u2026et agr\u00e9ment\u00e9 d\u2019\u00e9l\u00e9ments pr\u00e9cieux (fleur et feuille en cuir model\u00e9 main)<\/p>\n<ul>\n<li><strong>Pi\u00e8ce unique<\/strong><\/li>\n<\/ul>\n<\/div>\n<\/div>\n<\/div>\n<\/div>\n<\/div>\n<\/div>\n","protected":false},"featured_media":20936,"comment_status":"closed","ping_status":"closed","template":"","meta":[],"product_cat":[17],"product_tag":[],"class_list":["post-21268","product","type-product","status-publish","has-post-thumbnail","hentry","product_cat-non-classe"],"_links":{"self":[{"href":"https:\/\/mamzellepacotille.com\/mamzellehadmin\/index.php\/wp-json\/wp\/v2\/product\/21268"}],"collection":[{"href":"https:\/\/mamzellepacotille.com\/mamzellehadmin\/index.php\/wp-json\/wp\/v2\/product"}],"about":[{"href":"https:\/\/mamzellepacotille.com\/mamzellehadmin\/index.php\/wp-json\/wp\/v2\/types\/product"}],"replies":[{"embeddable":true,"href":"https:\/\/mamzellepacotille.com\/mamzellehadmin\/index.php\/wp-json\/wp\/v2\/comments?post=21268"}],"wp:featuredmedia":[{"embeddable":true,"href":"https:\/\/mamzellepacotille.com\/mamzellehadmin\/index.php\/wp-json\/wp\/v2\/media\/20936"}],"wp:attachment":[{"href":"https:\/\/mamzellepacotille.com\/mamzellehadmin\/index.php\/wp-json\/wp\/v2\/media?parent=21268"}],"wp:term":[{"taxonomy":"product_cat","embeddable":true,"href":"https:\/\/mamzellepacotille.com\/mamzellehadmin\/index.php\/wp-json\/wp\/v2\/product_cat?post=21268"},{"taxonomy":"product_tag","embeddable":true,"href":"https:\/\/mamzellepacotille.com\/mamzellehadmin\/index.php\/wp-json\/wp\/v2\/product_tag?post=21268"}],"curies":[{"name":"wp","href":"https:\/\/api.w.org\/{rel}","templated":true}]}}