{"id":21372,"date":"2025-06-04T17:21:32","date_gmt":"2025-06-04T15:21:32","guid":{"rendered":"https:\/\/mamzellepacotille.com\/mamzellehadmin\/?post_type=product&#038;p=21372"},"modified":"2025-06-04T17:21:32","modified_gmt":"2025-06-04T15:21:32","slug":"collection-marguerites-et-coccinelles-broche-epingle","status":"publish","type":"product","link":"https:\/\/mamzellepacotille.com\/mamzellehadmin\/index.php\/produit\/collection-marguerites-et-coccinelles-broche-epingle\/","title":{"rendered":"Collection &#8220;MARGUERITES ET COCCINELLES&#8221; &#8211; Broche \u00e9pingle &#8211;"},"content":{"rendered":"<div>*Cabochon en cristal, verre de Boh\u00eame, perles rondes en c\u00e9ramique artisanale, cha\u00eene de strass, fleurs et coccinelles en porcelaine froide artisanale\u2013 soutache.<\/div>\n<div>*Le bijou est doubl\u00e9 de cuir d\u2019agneau.<\/div>\n<div>*Monture de broche ( \u00e9pingle) sans nickel, sans cadmium, sans plomb.<\/div>\n<div>*Bijou livr\u00e9 en bo\u00eete cadeau.<\/div>\n<h3>Dimensions :<\/h3>\n<div>*8cm x 8cm<\/div>\n<div>\n<h3><strong>Technique utilis\u00e9e<\/strong> :<\/h3>\n<div><strong>Montage \u00e0 la soutache \u2013 Bijou cousu main (technique Haute Couture)<\/strong><\/div>\n<div>*C\u2019est un <strong>mode de sertissage<\/strong> des cabochons. Ils sont coll\u00e9s sur de l\u2019intiss\u00e9 et les bandes de soutache sont <strong>cousues \u00e0 la main<\/strong> tout autour.<\/div>\n<div>*Le design final est obtenu en assemblant les diff\u00e9rentes soutaches entre elles et en leur donnant les mouvements voulus.<\/div>\n<h3>La technique porte le nom de <strong>\u201cBRODERIE A LA SOUTACHE\u201d<\/strong>.<\/h3>\n<\/div>\n","protected":false},"excerpt":{"rendered":"<div class=\"woocommerce-product-details__short-description\">\n<div class=\"woocommerce-product-details__short-description\">\n<div class=\"woocommerce-product-details__short-description\">\n<div class=\"woocommerce-product-details__short-description\">\n<div class=\"woocommerce-product-details__short-description\">\n<div class=\"woocommerce-product-details__short-description\">\n<div class=\"woocommerce-product-details__short-description\">\n<h4>(Frais de port en plus)<\/h4>\n<h2>\u00a0\u00a0\u00a0\u00a0\u00a0\u00a0\u00a0\u00a0\u00a0\u00a0\u00a0\u00a0\u00a0\u00a0\u00a0\u00a0\u00a0\u00a0\u00a0\u00a0\u00a0\u00a0\u00a0\u00a0\u00a0\u00a0\u00a0\u00a0\u00a0 ******<\/h2>\n<h2><strong>BROCHE-\u00e9pingle brod\u00e9e \u00e0 la soutache\u2026<\/strong><\/h2>\n<p>\u2026cr\u00e9\u00e9e \u00e0 partir d\u2019un<strong> cabochon en cristal<\/strong><\/p>\n<p>\u2026et agr\u00e9ment\u00e9e d\u2019\u00e9l\u00e9ments pr\u00e9cieux ( fleurs et coccinelle en porcelaine froide fa\u00e7onn\u00e9e \u00e0 la main, perles rondes en c\u00e9ramique artisanale, verre de Boh\u00eame et cha\u00eenes de strass)<\/p>\n<ul>\n<li><strong>Pi\u00e8ce unique<\/strong><\/li>\n<\/ul>\n<\/div>\n<\/div>\n<\/div>\n<\/div>\n<\/div>\n<\/div>\n<\/div>\n","protected":false},"featured_media":21373,"comment_status":"closed","ping_status":"closed","template":"","meta":[],"product_cat":[17],"product_tag":[],"class_list":["post-21372","product","type-product","status-publish","has-post-thumbnail","hentry","product_cat-non-classe"],"_links":{"self":[{"href":"https:\/\/mamzellepacotille.com\/mamzellehadmin\/index.php\/wp-json\/wp\/v2\/product\/21372"}],"collection":[{"href":"https:\/\/mamzellepacotille.com\/mamzellehadmin\/index.php\/wp-json\/wp\/v2\/product"}],"about":[{"href":"https:\/\/mamzellepacotille.com\/mamzellehadmin\/index.php\/wp-json\/wp\/v2\/types\/product"}],"replies":[{"embeddable":true,"href":"https:\/\/mamzellepacotille.com\/mamzellehadmin\/index.php\/wp-json\/wp\/v2\/comments?post=21372"}],"wp:featuredmedia":[{"embeddable":true,"href":"https:\/\/mamzellepacotille.com\/mamzellehadmin\/index.php\/wp-json\/wp\/v2\/media\/21373"}],"wp:attachment":[{"href":"https:\/\/mamzellepacotille.com\/mamzellehadmin\/index.php\/wp-json\/wp\/v2\/media?parent=21372"}],"wp:term":[{"taxonomy":"product_cat","embeddable":true,"href":"https:\/\/mamzellepacotille.com\/mamzellehadmin\/index.php\/wp-json\/wp\/v2\/product_cat?post=21372"},{"taxonomy":"product_tag","embeddable":true,"href":"https:\/\/mamzellepacotille.com\/mamzellehadmin\/index.php\/wp-json\/wp\/v2\/product_tag?post=21372"}],"curies":[{"name":"wp","href":"https:\/\/api.w.org\/{rel}","templated":true}]}}