{"id":21436,"date":"2025-09-22T17:04:09","date_gmt":"2025-09-22T15:04:09","guid":{"rendered":"https:\/\/mamzellepacotille.com\/mamzellehadmin\/?post_type=product&#038;p=21436"},"modified":"2025-09-22T17:07:27","modified_gmt":"2025-09-22T15:07:27","slug":"collection-oranges-violettes-ou-violettes-oranges-le-collier-copie","status":"publish","type":"product","link":"https:\/\/mamzellepacotille.com\/mamzellehadmin\/index.php\/produit\/collection-oranges-violettes-ou-violettes-oranges-le-collier-copie\/","title":{"rendered":"Collection &#8220;ORANGES VIOLETTES ou VIOLETTES ORANGES&#8221; ???  &#8211; LE COLLIER &#8211;"},"content":{"rendered":"<h3>Mat\u00e9riaux :<\/h3>\n<ul>\n<li>\n<div>*Cabochon fait main , soie pliss\u00e9e shibori, cristaux, montage cousu main en technique &#8220;soutache&#8221;.<\/div>\n<\/li>\n<li>\n<div>*Le bijou est doubl\u00e9 de cuir d&#8217;agneau.<\/div>\n<\/li>\n<li>\n<div>*Le tour de cou rigide est en laiton galvanis\u00e9 dor\u00e9. Les \u00e9l\u00e9ments m\u00e9talliques sont sans nickel, sans cadmium et sans plomb..<\/div>\n<\/li>\n<li>\n<div>*Bijou livr\u00e9 en bo\u00eete cadeau.<\/div>\n<\/li>\n<\/ul>\n<h3>Dimensions :<\/h3>\n<ul>\n<li>\n<div>*Dimension du motif\u00a0 :11cm x 9cm<\/div>\n<\/li>\n<li>\n<div>*Le tour de cou rigide (3.5mm de largeur) a un diam\u00e8tre de 13cm (soit un tour de cou de 41cm).<\/div>\n<\/li>\n<\/ul>\n<h3>Technique utilis\u00e9e :<\/h3>\n<ul>\n<li>\n<div>Montage \u00e0 la soutache &#8211; Bijou cousu main (technique Haute Couture)<\/div>\n<\/li>\n<li>\n<div>*C&#8217;est un mode de sertissage des cabochons. Ils sont coll\u00e9s sur de l&#8217;intiss\u00e9 et les bandes de soutache sont cousues \u00e0 la main tout autour.<\/div>\n<\/li>\n<li>\n<div>*Le design final est obtenu en assemblant les diff\u00e9rentes soutaches entre elles et en leur donnant les mouvements voulus.<\/div>\n<\/li>\n<\/ul>\n","protected":false},"excerpt":{"rendered":"<h3>(Frais de port en plus)<\/h3>\n<h2>\u00a0\u00a0\u00a0\u00a0\u00a0\u00a0\u00a0\u00a0\u00a0\u00a0\u00a0\u00a0\u00a0\u00a0\u00a0\u00a0\u00a0\u00a0\u00a0\u00a0\u00a0\u00a0\u00a0\u00a0\u00a0\u00a0\u00a0\u00a0\u00a0\u00a0 ******<\/h2>\n<h2>Collier (montage soutache) :<\/h2>\n<h3>&#8230;cr\u00e9\u00e9 \u00e0 partir d&#8217;un cabochon fait main<\/h3>\n<ul>\n<li>\n<div>&#8230;et agr\u00e9ment\u00e9 d&#8217;\u00e9l\u00e9ments pr\u00e9cieux ( cristal, verre de Boh\u00eame, soie pliss\u00e9e shibori artisanale, fleur en porcelane froide model\u00e9e \u00e0 la main)<\/div>\n<\/li>\n<li>\n<div><strong>Pi\u00e8ce unique<\/strong><\/div>\n<\/li>\n<\/ul>\n","protected":false},"featured_media":20601,"comment_status":"closed","ping_status":"closed","template":"","meta":[],"product_cat":[17],"product_tag":[],"class_list":["post-21436","product","type-product","status-publish","has-post-thumbnail","hentry","product_cat-non-classe"],"_links":{"self":[{"href":"https:\/\/mamzellepacotille.com\/mamzellehadmin\/index.php\/wp-json\/wp\/v2\/product\/21436"}],"collection":[{"href":"https:\/\/mamzellepacotille.com\/mamzellehadmin\/index.php\/wp-json\/wp\/v2\/product"}],"about":[{"href":"https:\/\/mamzellepacotille.com\/mamzellehadmin\/index.php\/wp-json\/wp\/v2\/types\/product"}],"replies":[{"embeddable":true,"href":"https:\/\/mamzellepacotille.com\/mamzellehadmin\/index.php\/wp-json\/wp\/v2\/comments?post=21436"}],"wp:featuredmedia":[{"embeddable":true,"href":"https:\/\/mamzellepacotille.com\/mamzellehadmin\/index.php\/wp-json\/wp\/v2\/media\/20601"}],"wp:attachment":[{"href":"https:\/\/mamzellepacotille.com\/mamzellehadmin\/index.php\/wp-json\/wp\/v2\/media?parent=21436"}],"wp:term":[{"taxonomy":"product_cat","embeddable":true,"href":"https:\/\/mamzellepacotille.com\/mamzellehadmin\/index.php\/wp-json\/wp\/v2\/product_cat?post=21436"},{"taxonomy":"product_tag","embeddable":true,"href":"https:\/\/mamzellepacotille.com\/mamzellehadmin\/index.php\/wp-json\/wp\/v2\/product_tag?post=21436"}],"curies":[{"name":"wp","href":"https:\/\/api.w.org\/{rel}","templated":true}]}}