{"id":21643,"date":"2026-02-01T17:20:16","date_gmt":"2026-02-01T16:20:16","guid":{"rendered":"https:\/\/mamzellepacotille.com\/mamzellehadmin\/?post_type=product&#038;p=21643"},"modified":"2026-02-01T17:20:16","modified_gmt":"2026-02-01T16:20:16","slug":"collection-cloud-dancer-howlite-boucles-doreilles-fleur-cuir","status":"publish","type":"product","link":"https:\/\/mamzellepacotille.com\/mamzellehadmin\/index.php\/produit\/collection-cloud-dancer-howlite-boucles-doreilles-fleur-cuir\/","title":{"rendered":"Collection \u201cCLOUD DANCER\u201d -Howlite \u2013 Boucles d\u2019oreilles Fleur cuir &#8211;"},"content":{"rendered":"<div>\n<h3><strong>Mat\u00e9riaux<\/strong> :<\/h3>\n<\/div>\n<div>*Perles en <strong>HOWLITE <\/strong>, fleursen cuir, perles Miyuki plaqu\u00e9 argent.<\/div>\n<div>*Le bijou est doubl\u00e9 de cuir d\u2019agneau.<\/div>\n<div>*Clous d\u2019oreilles barrette sans nickel, sans cadmium, sans plomb<\/div>\n<div>*Bijou livr\u00e9 en bo\u00eete cadeau.<\/div>\n<h3>Dimensions :<\/h3>\n<div>*5cm x 2.5cm<\/div>\n","protected":false},"excerpt":{"rendered":"<h4>Frais de port en plus)<\/h4>\n<h2>\u00a0\u00a0\u00a0\u00a0\u00a0\u00a0\u00a0\u00a0\u00a0\u00a0\u00a0\u00a0\u00a0\u00a0\u00a0\u00a0\u00a0\u00a0\u00a0\u00a0\u00a0\u00a0\u00a0\u00a0\u00a0\u00a0\u00a0\u00a0\u00a0 ******<\/h2>\n<h2><strong>Boucles d\u2019oreilles\u00a0 \u2026<\/strong><\/h2>\n<p>\u2026cr\u00e9\u00e9es \u00e0 partir de<strong> perles en pierre naturelle : HOWLITE<\/strong><strong><br \/>\n<\/strong><\/p>\n<p>\u2026et agr\u00e9ment\u00e9es d\u2019\u00e9l\u00e9ments pr\u00e9cieux (cuir, perles Miyuki plaqu\u00e9 argent fin)<\/p>\n<ul>\n<li><strong>Pi\u00e8ce unique<\/strong><\/li>\n<\/ul>\n","protected":false},"featured_media":21644,"comment_status":"closed","ping_status":"closed","template":"","meta":[],"product_cat":[17],"product_tag":[],"class_list":["post-21643","product","type-product","status-publish","has-post-thumbnail","hentry","product_cat-non-classe"],"_links":{"self":[{"href":"https:\/\/mamzellepacotille.com\/mamzellehadmin\/index.php\/wp-json\/wp\/v2\/product\/21643"}],"collection":[{"href":"https:\/\/mamzellepacotille.com\/mamzellehadmin\/index.php\/wp-json\/wp\/v2\/product"}],"about":[{"href":"https:\/\/mamzellepacotille.com\/mamzellehadmin\/index.php\/wp-json\/wp\/v2\/types\/product"}],"replies":[{"embeddable":true,"href":"https:\/\/mamzellepacotille.com\/mamzellehadmin\/index.php\/wp-json\/wp\/v2\/comments?post=21643"}],"wp:featuredmedia":[{"embeddable":true,"href":"https:\/\/mamzellepacotille.com\/mamzellehadmin\/index.php\/wp-json\/wp\/v2\/media\/21644"}],"wp:attachment":[{"href":"https:\/\/mamzellepacotille.com\/mamzellehadmin\/index.php\/wp-json\/wp\/v2\/media?parent=21643"}],"wp:term":[{"taxonomy":"product_cat","embeddable":true,"href":"https:\/\/mamzellepacotille.com\/mamzellehadmin\/index.php\/wp-json\/wp\/v2\/product_cat?post=21643"},{"taxonomy":"product_tag","embeddable":true,"href":"https:\/\/mamzellepacotille.com\/mamzellehadmin\/index.php\/wp-json\/wp\/v2\/product_tag?post=21643"}],"curies":[{"name":"wp","href":"https:\/\/api.w.org\/{rel}","templated":true}]}}