{"id":711,"date":"2020-05-06T12:49:57","date_gmt":"2020-05-06T10:49:57","guid":{"rendered":"http:\/\/mamzellepacotille.com\/mamzellehadmin\/?post_type=product&#038;p=711"},"modified":"2021-01-06T21:53:00","modified_gmt":"2021-01-06T20:53:00","slug":"collection-tropicana-les-boucles-doreilles","status":"publish","type":"product","link":"https:\/\/mamzellepacotille.com\/mamzellehadmin\/index.php\/produit\/collection-tropicana-les-boucles-doreilles\/","title":{"rendered":"Collection &#8220;TROPICANA&#8221; &#8211; Les boucles d&#8217;oreilles"},"content":{"rendered":"<h3><strong>Mat\u00e9riaux<\/strong> :<\/h3>\n<div>*Cabochons de <strong>BottoninArte<\/strong>, rocailles Miyuki, soutache.<\/div>\n<div>*Le bijou est doubl\u00e9 de cuir d&#8217;agneau.<\/div>\n<div>*Les montures de boucles d&#8217;oreilles (forme philodendron) sont en m\u00e9tal dor\u00e9 satin\u00e9 haute qualit\u00e9, garanties sans nickel, sans cadmium, sans plomb.<\/div>\n<div>*Bijou livr\u00e9 en bo\u00eete cadeau.<\/div>\n<h3>Dimensions :<\/h3>\n<div>*Longueur des boucles d&#8217;oreilles : 7.5cm et largeur : 4cm.<\/div>\n<h3><strong>Technique utilis\u00e9e<\/strong> :<\/h3>\n<div><strong>Montage \u00e0 la soutache &#8211; Bijou cousu main (technique Haute Couture)<\/strong><\/div>\n<div>*C&#8217;est un <strong>mode de sertissage<\/strong> des cabochons. Ils sont coll\u00e9s sur de l&#8217;intiss\u00e9 et les bandes de soutache sont <strong>cousues \u00e0 la main<\/strong> tout autour.<\/div>\n<div>*Le design final est obtenu en assemblant les diff\u00e9rentes soutaches entre elles et en leur donnant les mouvements voulus.<\/div>\n<h3>La technique porte le nom de <strong>&#8220;BRODERIE A LA SOUTACHE&#8221;<\/strong>.<\/h3>\n<p><span style=\"color: #ff0000;\"><strong>Une question ?<\/strong><\/span> Utilisez le<strong> <span style=\"color: #000000;\">&#8220;CONTACTEZ-MOI&#8221;<\/span><\/strong> en Accueil de la boutique.<\/p>\n","protected":false},"excerpt":{"rendered":"<h4>(Frais de port en plus)<\/h4>\n<h2>\u00a0\u00a0\u00a0\u00a0\u00a0\u00a0\u00a0\u00a0\u00a0\u00a0\u00a0\u00a0\u00a0\u00a0\u00a0\u00a0\u00a0\u00a0\u00a0\u00a0\u00a0\u00a0\u00a0\u00a0\u00a0\u00a0\u00a0\u00a0\u00a0\u00a0 ******<\/h2>\n<h2><strong>\u00a0BOUCLES D&#8217;OREILLES brod\u00e9es \u00e0 la soutache&#8230;<\/strong><\/h2>\n<p>&#8230;cr\u00e9\u00e9es \u00e0 partir de <strong>cabochons faits main par BottoninArte<br \/>\n<\/strong><\/p>\n<p>&#8230;et agr\u00e9ment\u00e9es d&#8217;\u00e9l\u00e9ments pr\u00e9cieux (<strong>Rocailles Miyuki <\/strong>)<\/p>\n<ul>\n<li><strong>Pi\u00e8ce unique<\/strong><\/li>\n<\/ul>\n","protected":false},"featured_media":712,"comment_status":"closed","ping_status":"closed","template":"","meta":[],"product_cat":[17],"product_tag":[],"class_list":["post-711","product","type-product","status-publish","has-post-thumbnail","hentry","product_cat-non-classe"],"_links":{"self":[{"href":"https:\/\/mamzellepacotille.com\/mamzellehadmin\/index.php\/wp-json\/wp\/v2\/product\/711"}],"collection":[{"href":"https:\/\/mamzellepacotille.com\/mamzellehadmin\/index.php\/wp-json\/wp\/v2\/product"}],"about":[{"href":"https:\/\/mamzellepacotille.com\/mamzellehadmin\/index.php\/wp-json\/wp\/v2\/types\/product"}],"replies":[{"embeddable":true,"href":"https:\/\/mamzellepacotille.com\/mamzellehadmin\/index.php\/wp-json\/wp\/v2\/comments?post=711"}],"wp:featuredmedia":[{"embeddable":true,"href":"https:\/\/mamzellepacotille.com\/mamzellehadmin\/index.php\/wp-json\/wp\/v2\/media\/712"}],"wp:attachment":[{"href":"https:\/\/mamzellepacotille.com\/mamzellehadmin\/index.php\/wp-json\/wp\/v2\/media?parent=711"}],"wp:term":[{"taxonomy":"product_cat","embeddable":true,"href":"https:\/\/mamzellepacotille.com\/mamzellehadmin\/index.php\/wp-json\/wp\/v2\/product_cat?post=711"},{"taxonomy":"product_tag","embeddable":true,"href":"https:\/\/mamzellepacotille.com\/mamzellehadmin\/index.php\/wp-json\/wp\/v2\/product_tag?post=711"}],"curies":[{"name":"wp","href":"https:\/\/api.w.org\/{rel}","templated":true}]}}